{"id":148,"date":"2018-07-04T09:54:00","date_gmt":"2018-07-04T07:54:00","guid":{"rendered":"https:\/\/mentalia.pl\/english\/?page_id=148"},"modified":"2018-09-12T10:43:59","modified_gmt":"2018-09-12T08:43:59","slug":"polityka-prywatnosci","status":"publish","type":"page","link":"https:\/\/mentalia.pl\/english\/polityka-prywatnosci\/","title":{"rendered":"Polityka prywatno\u015bci"},"content":{"rendered":"<div id=\"dslc-main\">\r\n\t\t<div id=\"omnie\" class=\"dslc-modules-section \" style=\"\" data-section-id=\"819e5ce8c51\">\r\n\t\t\t\t\r\n\t\t\t\t\r\n\t\t\t\t<div class=\"dslc-modules-section-wrapper dslc-clearfix\"><div class=\"dslc-modules-area dslc-col dslc-12-col dslc-last-col\" data-size=\"12\" data-valign=\"\">\r\n\t\t<div id=\"dslc-module-e08b7711a64\" class=\"dslc-module-front dslc-module-DSLC_Text_Simple dslc-in-viewport-check dslc-in-viewport-anim-none  dslc-col dslc-12-col dslc-last-col  dslc-module-handle-like-regular \" data-module-id=\"e08b7711a64\" data-module=\"DSLC_Text_Simple\" data-dslc-module-size=\"12\" data-dslc-anim=\"none\" data-dslc-anim-delay=\"\" data-dslc-anim-duration=\"650\"  data-dslc-anim-easing=\"ease\" data-dslc-preset=\"none\" >\r\n\r\n\t\t\t\r\n\t\t\t\r\n\t\t\r\n\t\t<div class=\"dslc-text-module-content\">\r\n\t\t\t<p>Polityka prywatno\u015bci dot. korzystania z serwisu mentalia.pl\/english<\/p>\t\t<\/div>\r\n\r\n\t\t\r\n\t\t\t\t<\/div><!-- .dslc-module -->\r\n\t\t\r\n\t\t<div id=\"dslc-module-67b07e27e7e\" class=\"dslc-module-front dslc-module-DSLC_Text_Simple dslc-in-viewport-check dslc-in-viewport-anim-none  dslc-col dslc-12-col dslc-last-col  dslc-module-handle-like-regular \" data-module-id=\"67b07e27e7e\" data-module=\"DSLC_Text_Simple\" data-dslc-module-size=\"12\" data-dslc-anim=\"none\" data-dslc-anim-delay=\"\" data-dslc-anim-duration=\"650\"  data-dslc-anim-easing=\"ease\" data-dslc-preset=\"none\" >\r\n\r\n\t\t\t\r\n\t\t\t\r\n\t\t\r\n\t\t<div class=\"dslc-text-module-content\">\r\n\t\t\t<p><strong>I. Informacje og\u00f3lne.<\/strong><\/p><p>1. Operatorem serwisu mentalia.pl\/english (\u201cSerwis\u201d) jest \u201eMental Breathes\u201d Barbara S\u0142awik, Warszawa 02-739, ul. Wa\u0142brzyska 48\/11. (\u201eMental Breathes\u201d Barbara S\u0142awik).<br>2. Serwis pozyskuje informacje o u\u017cytkownikach i ich zachowaniu w nast\u0119puj\u0105cy spos\u00f3b:<br>a. poprzez informacje dobrowolnie wprowadzone przez u\u017cytkownik\u00f3w do formularza kontaktowego Serwisu,<br>b. poprzez zapisywanie w urz\u0105dzeniach ko\u0144cowych u\u017cytkownik\u00f3w plik\u00f3w cookie (tzw. \u201cciasteczka\u201d),<br>c. poprzez gromadzenie log\u00f3w serwera www przez operatora hostingowego, na kt\u00f3rym znajduje si\u0119 Serwis.<\/p><p><strong>II. Dane osobowe podane w formularzu kontaktowym.<\/strong><\/p><p>1. \u201eMental Breathes\u201d Barbara S\u0142awik przetwarza dane osobowe podane przez danego u\u017cytkownika w formularzu kontaktowym Serwisu w celu realizacji kontaktu pomi\u0119dzy u\u017cytkownikiem a \u201eMental Breathes\u201d Barbara S\u0142awik.<br>2. Podanie danych osobowych jest dobrowolne. Nie podanie tych danych uniemo\u017cliwi kontakt \u201eMental Breathes\u201d Barbara S\u0142awik z u\u017cytkownikiem za po\u015brednictwem formularza kontaktowego.<br>3. Wys\u0142anie danych osobowych za po\u015brednictwem formularza kontaktowego jest r\u00f3wnoznaczne z wyra\u017ceniem zgody przez u\u017cytkownika na przetwarzanie podanych danych osobowych przez \u201eMental Breathes\u201d Barbara S\u0142awik na zasadach okre\u015blonych w niniejszej polityce prywatno\u015bci oraz Klauzuli informacyjnej o przetwarzaniu danych osobowych. (link do dokumentu)<br>8. U\u017cytkownik mo\u017ce si\u0119 skontaktowa\u0107 z \u201eMental Breathes\u201d Barbara S\u0142awik pod numerem telefonu +48 733 641 321 lub mailem: kontakt@mentalia.pl\/english.<\/p><p><strong>III. Informacja o plikach cookies.<\/strong><\/p><p>1. Serwis korzysta z plik\u00f3w cookies.<br>2. Pliki cookies stanowi\u0105 dane informatyczne, w szczeg\u00f3lno\u015bci pliki tekstowe, kt\u00f3re przechowywane s\u0105 w urz\u0105dzeniu ko\u0144cowym u\u017cytkownika i przeznaczone s\u0105 do korzystania ze stron internetowych Serwisu.<br>3. Pliki cookies wykorzystywane s\u0105 przez \u201eMental Breathes\u201d Barbara S\u0142awik w celu realizacji proces\u00f3w niezb\u0119dnych do zapewnienia funkcjonalno\u015bci Serwisu, optymalizacji korzystania z Serwisu oraz tworzenia og\u00f3lnych i anonimowych danych statystycznych, kt\u00f3re pomagaj\u0105 zrozumie\u0107, w jaki spos\u00f3b u\u017cytkownicy korzystaj\u0105 z Serwisu, co umo\u017cliwia ulepszanie jego struktury i zawarto\u015bci. Serwis nie korzysta z plik\u00f3w cookies do w\u0142asnych cel\u00f3w marketingowych, reklamowych lub profilowania.<br>4. W ramach Serwisu stosowane s\u0105 dwa zasadnicze rodzaje plik\u00f3w cookies: \u201esesyjne\u201d (session cookies) oraz \u201esta\u0142e\u201d (persistent cookies). Cookies \u201esesyjne\u201d s\u0105 plikami tymczasowymi, kt\u00f3re przechowywane s\u0105 w urz\u0105dzeniu ko\u0144cowym u\u017cytkownika do czasu opuszczenia Serwisu lub wy\u0142\u0105czenia oprogramowania (przegl\u0105darki internetowej). \u201eSta\u0142e\u201d pliki cookies przechowywane s\u0105 w urz\u0105dzeniu ko\u0144cowym u\u017cytkownika przez czas okre\u015blony w parametrach plik\u00f3w cookies lub do czasu ich usuni\u0119cia przez u\u017cytkownika.<br>5. Oprogramowanie do przegl\u0105dania stron internetowych (przegl\u0105darka internetowa) zazwyczaj domy\u015blnie dopuszcza przechowywanie plik\u00f3w cookies w urz\u0105dzeniu ko\u0144cowym u\u017cytkownika. U\u017cytkownicy mog\u0105 dokona\u0107 zmiany ustawie\u0144 w tym zakresie. Przegl\u0105darka internetowa umo\u017cliwia usuni\u0119cie plik\u00f3w cookies. Mo\u017cliwe jest tak\u017ce automatyczne blokowanie plik\u00f3w cookies. Szczeg\u00f3\u0142owe informacje na ten temat zawiera pomoc lub dokumentacja przegl\u0105darki internetowej.<br>6. Pliki cookies zamieszczane w urz\u0105dzeniu ko\u0144cowym u\u017cytkownika mog\u0105 by\u0107 wykorzystywane przez podmioty trzecie wsp\u00f3\u0142pracuj\u0105ce z Serwisem do tworzenia danych statystycznych. Zalecamy przeczytanie polityki ochrony prywatno\u015bci tych firm, aby pozna\u0107 zasady korzystania z plik\u00f3w cookie wykorzystywane w statystykach: Polityka ochrony prywatno\u015bci Google Analytics (link do strony: https:\/\/www.google.com\/analytics\/terms\/pl.html)<br>7. Je\u015bli u\u017cytkownik nie chce otrzymywa\u0107 plik\u00f3w cookies, mo\u017ce zmieni\u0107 ustawienia przegl\u0105darki. Zastrzegamy, \u017ce wy\u0142\u0105czenie obs\u0142ugi plik\u00f3w cookies niezb\u0119dnych dla proces\u00f3w uwierzytelniania, bezpiecze\u0144stwa, utrzymania preferencji u\u017cytkownika mo\u017ce utrudni\u0107, a w skrajnych przypadkach mo\u017ce uniemo\u017cliwi\u0107 korzystanie z Serwisu. W celu zarz\u0105dzania ustawieniami cookies nale\u017cy zmieni\u0107 ustawienia przegl\u0105darki internetowej zgodnie z dokumentacj\u0105 tej przegl\u0105darki.<\/p><p><strong>IV. Logi serwera.<\/strong><\/p><p>1. Informacje o niekt\u00f3rych zachowaniach u\u017cytkownik\u00f3w s\u0105 zbierane przez serwer, na kt\u00f3rym znajduje si\u0119 Serwis. Informacje te s\u0105 wykorzystywane wy\u0142\u0105cznie w celu administrowania Serwisem oraz w celu zapewnienia jak najbardziej sprawnej obs\u0142ugi \u015bwiadczonych us\u0142ug hostingowych.<br>2. Przegl\u0105dane zasoby identyfikowane s\u0105 poprzez adresy URL. Ponadto zapisowi mog\u0105 podlega\u0107:<br>a. czas nadej\u015bcia zapytania,<br>b. czas wys\u0142ania odpowiedzi,<br>c. nazw\u0119 stacji u\u017cytkownika \u2013 identyfikacja realizowana przez protok\u00f3\u0142 HTTP,<br>d. informacje o b\u0142\u0119dach jakie nast\u0105pi\u0142y przy realizacji transakcji HTTP,<br>e. adres URL strony poprzednio odwiedzanej przez u\u017cytkownika (referer link) \u2013 w przypadku gdy przej\u015bcie do Serwisu nast\u0105pi\u0142o przez odno\u015bnik,<br>f. informacje o przegl\u0105darce u\u017cytkownika,<br>g. Informacje o adresie IP u\u017cytkownika.<\/p>\t\t<\/div>\r\n\r\n\t\t\r\n\t\t\t\t<\/div><!-- .dslc-module -->\r\n\t\t<\/div><\/div><\/div><\/div>","protected":false},"excerpt":{"rendered":"<p>Polityka prywatno\u015bci dot. korzystania z serwisu mentalia.pl\/english I. Informacje og\u00f3lne.1. Operatorem serwisu mentalia.pl\/english (\u201cSerwis\u201d) jest \u201eMental Breathes\u201d Barbara S\u0142awik, Warszawa 02-739, ul. Wa\u0142brzyska 48\/11. (\u201eMental Breathes\u201d Barbara S\u0142awik).2. Serwis pozyskuje informacje o u\u017cytkownikach i ich zachowaniu w nast\u0119puj\u0105cy spos\u00f3b:a. poprzez informacje dobrowolnie wprowadzone przez u\u017cytkownik\u00f3w do formularza kontaktowego Serwisu,b. poprzez zapisywanie w urz\u0105dzeniach ko\u0144cowych u\u017cytkownik\u00f3w [&hellip;]<\/p>\n","protected":false},"author":1,"featured_media":0,"parent":0,"menu_order":0,"comment_status":"closed","ping_status":"closed","template":"","meta":{"footnotes":""},"class_list":["post-148","page","type-page","status-publish","hentry"],"_links":{"self":[{"href":"https:\/\/mentalia.pl\/english\/wp-json\/wp\/v2\/pages\/148","targetHints":{"allow":["GET"]}}],"collection":[{"href":"https:\/\/mentalia.pl\/english\/wp-json\/wp\/v2\/pages"}],"about":[{"href":"https:\/\/mentalia.pl\/english\/wp-json\/wp\/v2\/types\/page"}],"author":[{"embeddable":true,"href":"https:\/\/mentalia.pl\/english\/wp-json\/wp\/v2\/users\/1"}],"replies":[{"embeddable":true,"href":"https:\/\/mentalia.pl\/english\/wp-json\/wp\/v2\/comments?post=148"}],"version-history":[{"count":1,"href":"https:\/\/mentalia.pl\/english\/wp-json\/wp\/v2\/pages\/148\/revisions"}],"predecessor-version":[{"id":149,"href":"https:\/\/mentalia.pl\/english\/wp-json\/wp\/v2\/pages\/148\/revisions\/149"}],"wp:attachment":[{"href":"https:\/\/mentalia.pl\/english\/wp-json\/wp\/v2\/media?parent=148"}],"curies":[{"name":"wp","href":"https:\/\/api.w.org\/{rel}","templated":true}]}}